{"id":1292,"date":"2024-11-28T09:44:56","date_gmt":"2024-11-28T08:44:56","guid":{"rendered":"https:\/\/paideias.it\/privacy\/"},"modified":"2025-10-17T07:25:25","modified_gmt":"2025-10-17T05:25:25","slug":"privacy","status":"publish","type":"page","link":"https:\/\/paideias.it\/it\/privacy\/","title":{"rendered":"Privacy"},"content":{"rendered":"[vc_row type=&#8221;in_container&#8221; full_screen_row_position=&#8221;middle&#8221; column_margin=&#8221;default&#8221; column_direction=&#8221;default&#8221; column_direction_tablet=&#8221;default&#8221; column_direction_phone=&#8221;default&#8221; scene_position=&#8221;center&#8221; top_padding=&#8221;3%&#8221; constrain_group_1=&#8221;yes&#8221; bottom_padding=&#8221;3%&#8221; text_color=&#8221;dark&#8221; text_align=&#8221;left&#8221; row_border_radius=&#8221;none&#8221; row_border_radius_applies=&#8221;bg&#8221; overflow=&#8221;visible&#8221; overlay_strength=&#8221;0.3&#8243; gradient_direction=&#8221;left_to_right&#8221; shape_divider_position=&#8221;bottom&#8221; bg_image_animation=&#8221;none&#8221; gradient_type=&#8221;default&#8221; shape_type=&#8221;&#8221;][vc_column column_padding=&#8221;no-extra-padding&#8221; column_padding_tablet=&#8221;inherit&#8221; column_padding_phone=&#8221;inherit&#8221; column_padding_position=&#8221;all&#8221; column_element_direction_desktop=&#8221;default&#8221; column_element_spacing=&#8221;default&#8221; desktop_text_alignment=&#8221;default&#8221; tablet_text_alignment=&#8221;default&#8221; phone_text_alignment=&#8221;default&#8221; background_color_opacity=&#8221;1&#8243; background_hover_color_opacity=&#8221;1&#8243; column_backdrop_filter=&#8221;none&#8221; column_shadow=&#8221;none&#8221; column_border_radius=&#8221;none&#8221; column_link_target=&#8221;_self&#8221; column_position=&#8221;default&#8221; gradient_direction=&#8221;left_to_right&#8221; overlay_strength=&#8221;0.3&#8243; width=&#8221;1\/1&#8243; tablet_width_inherit=&#8221;default&#8221; animation_type=&#8221;default&#8221; bg_image_animation=&#8221;none&#8221; border_type=&#8221;simple&#8221; column_border_width=&#8221;none&#8221; column_border_style=&#8221;solid&#8221;][vc_column_text css=&#8221;&#8221; text_direction=&#8221;default&#8221;]\n<h1>Privacy<\/h1>\n[divider line_type=&#8221;no-line&#8221; custom_height=&#8221;30&#8243;]\n<p><strong>Adempimento degli obblighi di informazione previsti dalla legge in conformit\u00e0 al Regolamento generale sulla protezione dei dati (GDPR).<\/strong><\/p>\n<p>La presente dichiarazione si applica a tutti i visitatori del nostro sito web. Con la presente vi informiamo sul tipo, l&#8217;ambito e lo scopo della raccolta e dell&#8217;utilizzo dei vostri dati personali.<\/p>\n<p><strong>Responsabile e titolare del trattamento dei dati \u00e8:<\/strong><\/p>\n<p>Cooperativa sociale Paideias<br \/>\nVia Sill 1<br \/>\n39057 San Michele &#8211; Appiano<br \/>\nE-mail: <a href=\"mailto:info@paideias.it\">info@paideias.it<\/a><\/p>\n<p><strong>Denisa Zaimi<\/strong><br \/>\nTel. +39 328 406 7847<\/p>\n<div id=\"block-9\" class=\"widget widget_block widget_text\">\n<p>P. IVA:IT02915470211<\/p>\n<\/div>\n<p><strong>Ai sensi dell&#8217;art. 13 del Regolamento generale europeo sulla protezione dei dati, trattiamo i seguenti dati:<\/strong><\/p>\n<ul>\n<li>I vostri dati anagrafici (nome, cognome, indirizzo, telefono, e-mail, data di nascita, luogo di nascita, lingua, ecc.)<\/li>\n<li>I vostri dati nelle carte d&#8217;identit\u00e0<\/li>\n<\/ul>\n<p>I dati vengono conservati ed elaborati da noi per la fornitura dei nostri servizi e, se necessario e richiesto dalla legge, trasferiti a terzi (ad es. autorit\u00e0 pubbliche, associazioni turistiche). I vostri dati non saranno trasferiti a paesi terzi.Se vi rifiutate di fornire i dati anagrafici, i dati dei documenti di viaggio e le coordinate bancarie, non saremo in grado di adempiere ai nostri obblighi contrattuali e di ospitarvi nella nostra struttura. Non utilizziamo la profilazione o il processo decisionale automatizzato.<\/p>\n<p><strong>Le basi giuridiche per questi processi di trattamento dei dati sono:<\/strong><\/p>\n<ul>\n<li>l&#8217;adempimento dei nostri obblighi precontrattuali e contrattuali nei vostri confronti<\/li>\n<li>Consensi ottenuti dall&#8217;utente<\/li>\n<li>obblighi legali, contrattuali o di altro tipo da parte nostra (ad esempio, diritti e obblighi di documentazione ai sensi della normativa contabile, fiscale e doganale, contratti, relazioni o controversie legali)<\/li>\n<\/ul>\n<p>La durata dell&#8217;archiviazione \u00e8 determinata dalla durata del nostro rapporto commerciale, dai consensi che avete dato e, inoltre, dagli obblighi di conservazione previsti dalla legge e dagli obblighi legali a noi applicabili.<\/p>\n<p>Potete richiedere gratuitamente in qualsiasi momento informazioni sui vostri dati personali da noi conservati. In qualit\u00e0 di interessati, avete anche il diritto alla cancellazione, all&#8217;informazione, alla cancellazione, alla correzione, alla limitazione e al trasferimento dei vostri dati personali, a condizione che non vi sia alcun obbligo legale da parte nostra di conservarli. Se esercitate il vostro diritto di cancellazione, tutti i vostri dati saranno irrevocabilmente cancellati, a condizione che non vengano violate disposizioni di legge prevalenti.<\/p>\n<p>Per ulteriori informazioni sui vostri diritti in qualit\u00e0 di interessati, contattateci all&#8217;indirizzo <a href=\"mailto:info@paideias.it\">info@paideias.it<\/a><\/p>\n<p>F\u00fcr Beschwerden ist als Aufsichtsbeh\u00f6rde der \u201eGarante per la protezione dei dati personali\u201c zust\u00e4ndig: Piazza di Monte Citorio n. 121 00186 ROMA, Fax: (+39) 06.69677.3785, Telefon: (+39) 06.696771, E-mail: garante@gpdp.it.<\/p>\n<h3>MODIFICA DELLE NOSTRE NORME SULLA PROTEZIONE DEI DATI<\/h3>\n<p>Ci riserviamo il diritto di adeguare la presente informativa sulla privacy in modo da renderla sempre conforme agli attuali requisiti di legge o di inserire nell&#8217;informativa sulla privacy modifiche ai nostri servizi, ad esempio in occasione dell&#8217;introduzione di nuovi servizi. La nuova informativa sulla privacy verr\u00e0 applicata alla vostra prossima visita.<\/p>\n<p class=\"p3\"><span class=\"s1\"><b>Cookies <\/b><\/span><\/p>\n<p class=\"p3\"><span class=\"s1\">Sul nostro sito web utilizziamo i cookie. Si tratta di piccoli file che il vostro browser crea automaticamente e che vengono memorizzati sul vostro dispositivo finale (laptop, tablet, smartphone, ecc.) quando visitate il nostro sito web. I cookie non causano alcun danno al dispositivo finale e non contengono virus, trojan o altro malware. Nel cookie vengono memorizzate informazioni che risultano di volta in volta in relazione allo specifico dispositivo finale utilizzato. Tuttavia, ci\u00f2 non significa che veniamo a conoscenza direttamente della vostra identit\u00e0. Da un lato, l&#8217;uso dei cookie serve a rendere pi\u00f9 comodo l&#8217;utilizzo del nostro sito web. Ad esempio, utilizziamo i cookie di sessione per riconoscere che avete gi\u00e0 visitato singole pagine del nostro sito web. Questi vengono automaticamente cancellati dopo che l&#8217;utente ha lasciato il nostro sito. Inoltre, per ottimizzare la facilit\u00e0 d&#8217;uso, utilizziamo anche cookie temporanei che vengono memorizzati sul dispositivo finale dell&#8217;utente per un determinato periodo di tempo. Se visitate nuovamente il nostro sito per utilizzare i nostri servizi, viene riconosciuto automaticamente che ci avete gi\u00e0 visitato e quali inserimenti e impostazioni avete effettuato, in modo che non dobbiate inserirli nuovamente. D&#8217;altra parte, utilizziamo i cookie per registrare statisticamente l&#8217;utilizzo del nostro sito web e per valutarlo al fine di ottimizzare la nostra offerta per voi (vedi punto 5). Questi cookie ci consentono di riconoscere automaticamente che avete gi\u00e0 visitato il nostro sito web quando lo visitate nuovamente. Questi cookie vengono cancellati automaticamente dopo un determinato periodo di tempo. I dati elaborati dai cookie sono necessari per gli scopi citati per tutelare i nostri interessi legittimi e quelli di terzi ai sensi dell&#8217;art. 6 comma 1 frase 1 lit. f GDPR. La maggior parte dei browser accetta automaticamente i cookie. Tuttavia, \u00e8 possibile configurare il browser in modo che non vengano memorizzati cookie sul computer o che venga sempre visualizzato un messaggio prima della creazione di un nuovo cookie. Tuttavia, la disattivazione completa dei cookie pu\u00f2 comportare l&#8217;impossibilit\u00e0 di utilizzare tutte le funzioni del nostro sito web.<br \/>\n<a href=\"https:\/\/paideias.it\/it\/cookies\/\">Per saperne di pi\u00f9 &gt;<\/a><\/span><\/p>\n<p><strong>File di log<\/strong><br \/>\nCome la maggior parte dei siti web, raccogliamo automaticamente alcune informazioni e le memorizziamo nei file di log. Queste informazioni comprendono gli indirizzi di protocollo Internet (indirizzi IP), il tipo di browser, il provider di servizi Internet (ISP), le pagine di riferimento\/uscita, il sistema operativo, la data\/ora e i dati clickstream.<br \/>\nQuesti dati, noti anche come file di log, vengono memorizzati sui server di <strong>ALL-INKL.COM<\/strong> &#8211; Neue Medien M\u00fcnnich in Germania e vengono solitamente cancellati dopo alcuni giorni.Crittografia SSL<br \/>\n*** Tradotto con www.DeepL.com\/translator (versione gratuita) ***<\/p>\n<p><strong>SSL<\/strong><br \/>\nPer proteggere la sicurezza dei vostri dati durante la trasmissione, utilizziamo metodi di crittografia all&#8217;avanguardia (ad es. SSL) tramite HTTPS.<\/p>\n<h3>MODULO DI CONTATTO<\/h3>\n<p>Se ci contattate per domande di qualsiasi tipo tramite e-mail o modulo di contatto, ci date il vostro consenso volontario allo scopo di contattarvi. A tal fine \u00e8 necessario fornire un indirizzo e-mail valido. Questo viene utilizzato per l&#8217;assegnazione della richiesta e la successiva risposta. Il conferimento di ulteriori dati \u00e8 facoltativo. Le informazioni fornite saranno conservate per l&#8217;elaborazione della richiesta e per eventuali domande successive. Una volta evasa la richiesta, i dati personali verranno automaticamente cancellati.<\/p>\n<h3>USO DI SERVIZI ESTERNI<\/h3>\n<p><strong>Questo sito web utilizza i seguenti servizi di tracciamento esterni:<\/strong><\/p>\n<ul>\n<li><a href=\"https:\/\/support.google.com\/analytics\/answer\/2790010?hl=de\" target=\"_blank\" rel=\"noopener noreferrer\">Tracciabilit\u00e0 universale di Google Analytics<\/a><\/li>\n<\/ul>\n<p><strong>USO DI GOOGLE ANALYTICS<\/strong><br \/>\nQuesto sito web utilizza Google Analytics, un servizio di analisi web fornito da Google Inc (\u201cGoogle\u201d). Google Analytics utilizza i cosiddetti \u201ccookie\u201d, file di testo che vengono depositati sul vostro computer per consentire al sito web di analizzare come gli utenti utilizzano il sito. Le informazioni generate dal cookie sull&#8217;utilizzo di questo sito web da parte dell&#8217;utente vengono solitamente trasmesse a un server di Google negli Stati Uniti e l\u00ec memorizzate. Tuttavia, attivando l&#8217;anonimizzazione dell&#8217;IP su questo sito web, il vostro indirizzo IP verr\u00e0 preventivamente abbreviato da Google all&#8217;interno degli Stati membri dell&#8217;Unione Europea o in altri Stati contraenti dell&#8217;Accordo sullo Spazio Economico Europeo. Solo in casi eccezionali l&#8217;indirizzo IP completo verr\u00e0 trasmesso a un server di Google negli Stati Uniti e l\u00ec troncato.Google utilizzer\u00e0 queste informazioni per conto del gestore di questo sito web per analizzare l&#8217;utilizzo del sito web da parte dell&#8217;utente, per redigere rapporti sulle attivit\u00e0 del sito web e per fornire al gestore del sito web altri servizi relativi alle attivit\u00e0 del sito web e all&#8217;utilizzo di Internet. L&#8217;indirizzo IP trasmesso dal vostro browser nell&#8217;ambito di Google Analytics non verr\u00e0 unito ad altri dati di Google.<\/p>\n<p>\u00c8 possibile impedire la memorizzazione dei cookie selezionando le impostazioni appropriate nel software del browser. Si prega di notare che in questo caso potrebbe non essere possibile utilizzare tutte le funzioni di questo sito web.<\/p>\n<p>Potete impedire la raccolta dei dati relativi al vostro utilizzo di questo sito web (compreso il vostro indirizzo IP) e l&#8217;elaborazione di questi dati da parte di Google scaricando e installando il plug-in del browser disponibile al seguente link <a href=\"https:\/\/tools.google.com\/dlpage\/gaoptout?hl=de\" target=\"_blank\" rel=\"noopener noreferrer\">https:\/\/tools.google.com\/dlpage\/gaoptout?hl=de<\/a>.<\/p>\n<p>Potete comunque impedire a Google Analytics di raccogliere i vostri dati facendo clic sul seguente link. Verr\u00e0 impostato un cookie di opt-out per impedire la futura raccolta dei vostri dati quando visitate questo sito web: <a title=\"Impostare il cookie di opt-out di Google Analytics\" href=\"https:\/\/riederhof.it\/datenschutzerklaerung\/#\">Disattivare Google Analytics<\/a>.<\/p>\n<p>Ulteriori informazioni sulle condizioni di utilizzo e sulla protezione dei dati di Google Analytics sono disponibili all&#8217;indirizzo: <a href=\"https:\/\/www.google.com\/analytics\/terms\/de.html\" target=\"_blank\" rel=\"noopener noreferrer\">https:\/\/www.google.com\/analytics\/terms\/de.html<\/a> e <a href=\"https:\/\/support.google.com\/analytics\/answer\/6004245?hl=de\" target=\"_blank\" rel=\"noopener noreferrer\">https:\/\/support.google.com\/analytics\/answer\/6004245?hl=de<\/a>.<\/p>\n<p>Questo sito web utilizza Google Analytics con mascheramento IP per garantire una raccolta anonima degli indirizzi IP.<br \/>\nSi noti che continuiamo a utilizzare Google Analytics per analizzare i dati di AdWords e il cookie del doppio clic a fini statistici. Se non lo si desidera, \u00e8 possibile disattivarlo tramite il Gestore preferenze annunci di <a href=\"https:\/\/adssettings.google.com\/?hl=de\" target=\"_blank\" rel=\"noopener noreferrer\">https:\/\/adssettings.google.com\/?hl=de<\/a>.<\/p>\n<p><strong>Utilizzo di librerie di script (Google Web Fonts)<\/strong><br \/>\nPer visualizzare i nostri contenuti in modo corretto e graficamente accattivante su tutti i browser, su questo sito web utilizziamo librerie di script e font come <strong>Google Web Fonts<\/strong> (<a href=\"https:\/\/www.google.com\/webfonts\/\" target=\"_blank\" rel=\"noopener noreferrer\">https:\/\/www.google.com\/webfonts\/<\/a>). I web font di Google vengono trasferiti nella cache del browser per evitare caricamenti multipli. Se il browser non supporta i web font di Google o ne impedisce l&#8217;accesso, il contenuto viene visualizzato con un font standard.<br \/>\nIl richiamo di librerie di script o di font attiva automaticamente una connessione al gestore della libreria. \u00c8 teoricamente possibile &#8211; ma attualmente non \u00e8 chiaro se e per quali scopi &#8211; che i gestori di tali biblioteche raccolgano dati.<br \/>\nL&#8217;informativa sulla privacy dell&#8217;operatore della biblioteca Google pu\u00f2 essere consultata qui: <a href=\"https:\/\/www.google.com\/policies\/privacy\/\" target=\"_blank\" rel=\"noopener noreferrer\">https:\/\/www.google.com\/policies\/privacy\/<\/a><\/p>\n<p><strong>Uso di Google Maps<\/strong><br \/>\nQuesto sito web utilizza le API di Google Maps per visualizzare le informazioni geografiche. Quando si utilizza Google Maps, Google raccoglie, elabora e utilizza anche i dati relativi all&#8217;utilizzo delle funzioni delle mappe da parte dei visitatori. Ulteriori informazioni sul trattamento dei dati da parte di Google sono disponibili nell&#8217;informativa sulla privacy di Google. \u00c8 inoltre possibile modificare le impostazioni di protezione dei dati personali nel centro di protezione dei dati.<br \/>\n<a href=\"https:\/\/support.google.com\/accounts\/answer\/3024190\" target=\"_blank\" rel=\"noopener noreferrer\">Qui potete trovare<\/a> istruzioni dettagliate sulla gestione dei vostri dati in relazione ai prodotti Google.[\/vc_column_text][\/vc_column][\/vc_row]\n","protected":false},"excerpt":{"rendered":"<p>[vc_row type=&#8221;in_container&#8221; full_screen_row_position=&#8221;middle&#8221; column_margin=&#8221;default&#8221; column_direction=&#8221;default&#8221; column_direction_tablet=&#8221;default&#8221; column_direction_phone=&#8221;default&#8221; scene_position=&#8221;center&#8221; top_padding=&#8221;3%&#8221; constrain_group_1=&#8221;yes&#8221; bottom_padding=&#8221;3%&#8221; text_color=&#8221;dark&#8221; text_align=&#8221;left&#8221; row_border_radius=&#8221;none&#8221; row_border_radius_applies=&#8221;bg&#8221; overflow=&#8221;visible&#8221; overlay_strength=&#8221;0.3&#8243; gradient_direction=&#8221;left_to_right&#8221; shape_divider_position=&#8221;bottom&#8221; bg_image_animation=&#8221;none&#8221; gradient_type=&#8221;default&#8221; shape_type=&#8221;&#8221;][vc_column column_padding=&#8221;no-extra-padding&#8221; column_padding_tablet=&#8221;inherit&#8221; column_padding_phone=&#8221;inherit&#8221; column_padding_position=&#8221;all&#8221; column_element_direction_desktop=&#8221;default&#8221; column_element_spacing=&#8221;default&#8221; desktop_text_alignment=&#8221;default&#8221; tablet_text_alignment=&#8221;default&#8221;&#8230;<\/p>\n","protected":false},"author":2,"featured_media":0,"parent":0,"menu_order":100,"comment_status":"closed","ping_status":"closed","template":"","meta":{"footnotes":""},"class_list":["post-1292","page","type-page","status-publish"],"yoast_head":"<!-- This site is optimized with the Yoast SEO plugin v27.4 - https:\/\/yoast.com\/product\/yoast-seo-wordpress\/ -->\n<title>Privacy - Sozialgenossenschaft Paideias<\/title>\n<meta name=\"robots\" content=\"index, follow, max-snippet:-1, max-image-preview:large, max-video-preview:-1\" \/>\n<link rel=\"canonical\" href=\"https:\/\/paideias.it\/it\/privacy\/\" \/>\n<meta property=\"og:locale\" content=\"it_IT\" \/>\n<meta property=\"og:type\" content=\"article\" \/>\n<meta property=\"og:title\" content=\"Privacy - Sozialgenossenschaft Paideias\" \/>\n<meta property=\"og:description\" content=\"[vc_row type=&#8221;in_container&#8221; full_screen_row_position=&#8221;middle&#8221; column_margin=&#8221;default&#8221; column_direction=&#8221;default&#8221; column_direction_tablet=&#8221;default&#8221; column_direction_phone=&#8221;default&#8221; scene_position=&#8221;center&#8221; top_padding=&#8221;3%&#8221; constrain_group_1=&#8221;yes&#8221; bottom_padding=&#8221;3%&#8221; text_color=&#8221;dark&#8221; text_align=&#8221;left&#8221; row_border_radius=&#8221;none&#8221; row_border_radius_applies=&#8221;bg&#8221; overflow=&#8221;visible&#8221; overlay_strength=&#8221;0.3&#8243; gradient_direction=&#8221;left_to_right&#8221; shape_divider_position=&#8221;bottom&#8221; bg_image_animation=&#8221;none&#8221; gradient_type=&#8221;default&#8221; shape_type=&#8221;&#8221;][vc_column column_padding=&#8221;no-extra-padding&#8221; column_padding_tablet=&#8221;inherit&#8221; column_padding_phone=&#8221;inherit&#8221; column_padding_position=&#8221;all&#8221; column_element_direction_desktop=&#8221;default&#8221; column_element_spacing=&#8221;default&#8221; desktop_text_alignment=&#8221;default&#8221; tablet_text_alignment=&#8221;default&#8221;...\" \/>\n<meta property=\"og:url\" content=\"https:\/\/paideias.it\/it\/privacy\/\" \/>\n<meta property=\"og:site_name\" content=\"Sozialgenossenschaft Paideias\" \/>\n<meta property=\"article:publisher\" content=\"https:\/\/www.facebook.com\/paideiasonlus\" \/>\n<meta property=\"article:modified_time\" content=\"2025-10-17T05:25:25+00:00\" \/>\n<meta property=\"og:image\" content=\"https:\/\/paideias.it\/wp\/wp-content\/uploads\/2024\/11\/Kinderbetreuung-paideias-05.jpg\" \/>\n\t<meta property=\"og:image:width\" content=\"1600\" \/>\n\t<meta property=\"og:image:height\" content=\"1200\" \/>\n\t<meta property=\"og:image:type\" content=\"image\/jpeg\" \/>\n<meta name=\"twitter:card\" content=\"summary_large_image\" \/>\n<meta name=\"twitter:label1\" content=\"Tempo di lettura stimato\" \/>\n\t<meta name=\"twitter:data1\" content=\"9 minuti\" \/>\n<script type=\"application\/ld+json\" class=\"yoast-schema-graph\">{\"@context\":\"https:\\\/\\\/schema.org\",\"@graph\":[{\"@type\":\"WebPage\",\"@id\":\"https:\\\/\\\/paideias.it\\\/it\\\/privacy\\\/\",\"url\":\"https:\\\/\\\/paideias.it\\\/it\\\/privacy\\\/\",\"name\":\"Privacy - Sozialgenossenschaft Paideias\",\"isPartOf\":{\"@id\":\"https:\\\/\\\/paideias.it\\\/it\\\/#website\"},\"datePublished\":\"2024-11-28T08:44:56+00:00\",\"dateModified\":\"2025-10-17T05:25:25+00:00\",\"breadcrumb\":{\"@id\":\"https:\\\/\\\/paideias.it\\\/it\\\/privacy\\\/#breadcrumb\"},\"inLanguage\":\"it-IT\",\"potentialAction\":[{\"@type\":\"ReadAction\",\"target\":[\"https:\\\/\\\/paideias.it\\\/it\\\/privacy\\\/\"]}]},{\"@type\":\"BreadcrumbList\",\"@id\":\"https:\\\/\\\/paideias.it\\\/it\\\/privacy\\\/#breadcrumb\",\"itemListElement\":[{\"@type\":\"ListItem\",\"position\":1,\"name\":\"Startseite\",\"item\":\"https:\\\/\\\/paideias.it\\\/it\\\/casa\\\/\"},{\"@type\":\"ListItem\",\"position\":2,\"name\":\"Privacy\"}]},{\"@type\":\"WebSite\",\"@id\":\"https:\\\/\\\/paideias.it\\\/it\\\/#website\",\"url\":\"https:\\\/\\\/paideias.it\\\/it\\\/\",\"name\":\"Sozialgenossenschaft Paideias\",\"description\":\"Kindertagesst\u00e4tten\",\"publisher\":{\"@id\":\"https:\\\/\\\/paideias.it\\\/it\\\/#organization\"},\"potentialAction\":[{\"@type\":\"SearchAction\",\"target\":{\"@type\":\"EntryPoint\",\"urlTemplate\":\"https:\\\/\\\/paideias.it\\\/it\\\/?s={search_term_string}\"},\"query-input\":{\"@type\":\"PropertyValueSpecification\",\"valueRequired\":true,\"valueName\":\"search_term_string\"}}],\"inLanguage\":\"it-IT\"},{\"@type\":\"Organization\",\"@id\":\"https:\\\/\\\/paideias.it\\\/it\\\/#organization\",\"name\":\"Sozialgenossenschaft Paideias\",\"url\":\"https:\\\/\\\/paideias.it\\\/it\\\/\",\"logo\":{\"@type\":\"ImageObject\",\"inLanguage\":\"it-IT\",\"@id\":\"https:\\\/\\\/paideias.it\\\/it\\\/#\\\/schema\\\/logo\\\/image\\\/\",\"url\":\"https:\\\/\\\/paideias.it\\\/wp\\\/wp-content\\\/uploads\\\/2024\\\/11\\\/Paideias-Logo-2x.png\",\"contentUrl\":\"https:\\\/\\\/paideias.it\\\/wp\\\/wp-content\\\/uploads\\\/2024\\\/11\\\/Paideias-Logo-2x.png\",\"width\":500,\"height\":500,\"caption\":\"Sozialgenossenschaft Paideias\"},\"image\":{\"@id\":\"https:\\\/\\\/paideias.it\\\/it\\\/#\\\/schema\\\/logo\\\/image\\\/\"},\"sameAs\":[\"https:\\\/\\\/www.facebook.com\\\/paideiasonlus\",\"https:\\\/\\\/www.instagram.com\\\/paideias\\\/\"]}]}<\/script>\n<!-- \/ Yoast SEO plugin. -->","yoast_head_json":{"title":"Privacy - Sozialgenossenschaft Paideias","robots":{"index":"index","follow":"follow","max-snippet":"max-snippet:-1","max-image-preview":"max-image-preview:large","max-video-preview":"max-video-preview:-1"},"canonical":"https:\/\/paideias.it\/it\/privacy\/","og_locale":"it_IT","og_type":"article","og_title":"Privacy - Sozialgenossenschaft Paideias","og_description":"[vc_row type=&#8221;in_container&#8221; full_screen_row_position=&#8221;middle&#8221; column_margin=&#8221;default&#8221; column_direction=&#8221;default&#8221; column_direction_tablet=&#8221;default&#8221; column_direction_phone=&#8221;default&#8221; scene_position=&#8221;center&#8221; top_padding=&#8221;3%&#8221; constrain_group_1=&#8221;yes&#8221; bottom_padding=&#8221;3%&#8221; text_color=&#8221;dark&#8221; text_align=&#8221;left&#8221; row_border_radius=&#8221;none&#8221; row_border_radius_applies=&#8221;bg&#8221; overflow=&#8221;visible&#8221; overlay_strength=&#8221;0.3&#8243; gradient_direction=&#8221;left_to_right&#8221; shape_divider_position=&#8221;bottom&#8221; bg_image_animation=&#8221;none&#8221; gradient_type=&#8221;default&#8221; shape_type=&#8221;&#8221;][vc_column column_padding=&#8221;no-extra-padding&#8221; column_padding_tablet=&#8221;inherit&#8221; column_padding_phone=&#8221;inherit&#8221; column_padding_position=&#8221;all&#8221; column_element_direction_desktop=&#8221;default&#8221; column_element_spacing=&#8221;default&#8221; desktop_text_alignment=&#8221;default&#8221; tablet_text_alignment=&#8221;default&#8221;...","og_url":"https:\/\/paideias.it\/it\/privacy\/","og_site_name":"Sozialgenossenschaft Paideias","article_publisher":"https:\/\/www.facebook.com\/paideiasonlus","article_modified_time":"2025-10-17T05:25:25+00:00","og_image":[{"width":1600,"height":1200,"url":"https:\/\/paideias.it\/wp\/wp-content\/uploads\/2024\/11\/Kinderbetreuung-paideias-05.jpg","type":"image\/jpeg"}],"twitter_card":"summary_large_image","twitter_misc":{"Tempo di lettura stimato":"9 minuti"},"schema":{"@context":"https:\/\/schema.org","@graph":[{"@type":"WebPage","@id":"https:\/\/paideias.it\/it\/privacy\/","url":"https:\/\/paideias.it\/it\/privacy\/","name":"Privacy - Sozialgenossenschaft Paideias","isPartOf":{"@id":"https:\/\/paideias.it\/it\/#website"},"datePublished":"2024-11-28T08:44:56+00:00","dateModified":"2025-10-17T05:25:25+00:00","breadcrumb":{"@id":"https:\/\/paideias.it\/it\/privacy\/#breadcrumb"},"inLanguage":"it-IT","potentialAction":[{"@type":"ReadAction","target":["https:\/\/paideias.it\/it\/privacy\/"]}]},{"@type":"BreadcrumbList","@id":"https:\/\/paideias.it\/it\/privacy\/#breadcrumb","itemListElement":[{"@type":"ListItem","position":1,"name":"Startseite","item":"https:\/\/paideias.it\/it\/casa\/"},{"@type":"ListItem","position":2,"name":"Privacy"}]},{"@type":"WebSite","@id":"https:\/\/paideias.it\/it\/#website","url":"https:\/\/paideias.it\/it\/","name":"Sozialgenossenschaft Paideias","description":"Kindertagesst\u00e4tten","publisher":{"@id":"https:\/\/paideias.it\/it\/#organization"},"potentialAction":[{"@type":"SearchAction","target":{"@type":"EntryPoint","urlTemplate":"https:\/\/paideias.it\/it\/?s={search_term_string}"},"query-input":{"@type":"PropertyValueSpecification","valueRequired":true,"valueName":"search_term_string"}}],"inLanguage":"it-IT"},{"@type":"Organization","@id":"https:\/\/paideias.it\/it\/#organization","name":"Sozialgenossenschaft Paideias","url":"https:\/\/paideias.it\/it\/","logo":{"@type":"ImageObject","inLanguage":"it-IT","@id":"https:\/\/paideias.it\/it\/#\/schema\/logo\/image\/","url":"https:\/\/paideias.it\/wp\/wp-content\/uploads\/2024\/11\/Paideias-Logo-2x.png","contentUrl":"https:\/\/paideias.it\/wp\/wp-content\/uploads\/2024\/11\/Paideias-Logo-2x.png","width":500,"height":500,"caption":"Sozialgenossenschaft Paideias"},"image":{"@id":"https:\/\/paideias.it\/it\/#\/schema\/logo\/image\/"},"sameAs":["https:\/\/www.facebook.com\/paideiasonlus","https:\/\/www.instagram.com\/paideias\/"]}]}},"_links":{"self":[{"href":"https:\/\/paideias.it\/it\/wp-json\/wp\/v2\/pages\/1292","targetHints":{"allow":["GET"]}}],"collection":[{"href":"https:\/\/paideias.it\/it\/wp-json\/wp\/v2\/pages"}],"about":[{"href":"https:\/\/paideias.it\/it\/wp-json\/wp\/v2\/types\/page"}],"author":[{"embeddable":true,"href":"https:\/\/paideias.it\/it\/wp-json\/wp\/v2\/users\/2"}],"replies":[{"embeddable":true,"href":"https:\/\/paideias.it\/it\/wp-json\/wp\/v2\/comments?post=1292"}],"version-history":[{"count":5,"href":"https:\/\/paideias.it\/it\/wp-json\/wp\/v2\/pages\/1292\/revisions"}],"predecessor-version":[{"id":1699,"href":"https:\/\/paideias.it\/it\/wp-json\/wp\/v2\/pages\/1292\/revisions\/1699"}],"wp:attachment":[{"href":"https:\/\/paideias.it\/it\/wp-json\/wp\/v2\/media?parent=1292"}],"curies":[{"name":"wp","href":"https:\/\/api.w.org\/{rel}","templated":true}]}}